{"id":15672,"date":"2026-03-27T17:15:13","date_gmt":"2026-03-27T16:15:13","guid":{"rendered":"https:\/\/valmec-rocks.com\/?page_id=15672"},"modified":"2026-04-28T08:19:39","modified_gmt":"2026-04-28T06:19:39","slug":"la-societe-valmec","status":"publish","type":"page","link":"https:\/\/valmec-rocks.com\/index.php\/la-societe-valmec\/","title":{"rendered":"Page SOCI\u00c9T\u00c9 VALMEC"},"content":{"rendered":"\t\t<div data-elementor-type=\"wp-page\" data-elementor-id=\"15672\" class=\"elementor elementor-15672\" data-elementor-post-type=\"page\">\n\t\t\t\t<div class=\"elementor-element elementor-element-01a5df2 e-flex e-con-boxed e-con e-parent\" data-id=\"01a5df2\" data-element_type=\"container\" data-e-type=\"container\" data-settings=\"{&quot;background_background&quot;:&quot;slideshow&quot;,&quot;background_slideshow_gallery&quot;:[{&quot;id&quot;:15663,&quot;url&quot;:&quot;https:\\\/\\\/valmec-rocks.com\\\/wp-content\\\/uploads\\\/2026\\\/03\\\/Extraction-Garnet.jpg&quot;},{&quot;id&quot;:15744,&quot;url&quot;:&quot;https:\\\/\\\/valmec-rocks.com\\\/wp-content\\\/uploads\\\/2026\\\/03\\\/Bateau-importation-scaled.jpg&quot;}],&quot;background_slideshow_ken_burns&quot;:&quot;yes&quot;,&quot;background_slideshow_ken_burns_zoom_direction&quot;:&quot;out&quot;,&quot;background_slideshow_loop&quot;:&quot;yes&quot;,&quot;background_slideshow_slide_duration&quot;:5000,&quot;background_slideshow_slide_transition&quot;:&quot;fade&quot;,&quot;background_slideshow_transition_duration&quot;:500}\">\n\t\t\t\t\t<div class=\"e-con-inner\">\n\t\t\t\t<div class=\"elementor-element elementor-element-1c7b18e elementor-absolute elementor-widget elementor-widget-heading\" data-id=\"1c7b18e\" data-element_type=\"widget\" data-e-type=\"widget\" data-settings=\"{&quot;_position&quot;:&quot;absolute&quot;}\" data-widget_type=\"heading.default\">\n\t\t\t\t\t<h1 class=\"elementor-heading-title elementor-size-default\">SP\u00c9CIALISTE DU GARNET <\/h1>\t\t\t\t<\/div>\n\t\t\t\t<div class=\"elementor-element elementor-element-b6d6807 elementor-absolute elementor-widget elementor-widget-heading\" data-id=\"b6d6807\" data-element_type=\"widget\" data-e-type=\"widget\" data-settings=\"{&quot;_position&quot;:&quot;absolute&quot;}\" data-widget_type=\"heading.default\">\n\t\t\t\t\t<h2 class=\"elementor-heading-title elementor-size-default\">DEPUIS PLUSIEURS ANN\u00c9ES<\/h2>\t\t\t\t<\/div>\n\t\t\t\t\t<\/div>\n\t\t\t\t<\/div>\n\t\t<div class=\"elementor-element elementor-element-365cc48 e-flex e-con-boxed e-con e-parent\" data-id=\"365cc48\" data-element_type=\"container\" data-e-type=\"container\">\n\t\t\t\t\t<div class=\"e-con-inner\">\n\t\t\t\t<div class=\"elementor-element elementor-element-38f6bd5 elementor-widget elementor-widget-spacer\" data-id=\"38f6bd5\" data-element_type=\"widget\" data-e-type=\"widget\" data-widget_type=\"spacer.default\">\n\t\t\t\t\t\t\t<div class=\"elementor-spacer\">\n\t\t\t<div class=\"elementor-spacer-inner\"><\/div>\n\t\t<\/div>\n\t\t\t\t\t\t<\/div>\n\t\t\t\t\t<\/div>\n\t\t\t\t<\/div>\n\t\t<div class=\"elementor-element elementor-element-ef193ce e-grid elementor-hidden-mobile e-con-boxed e-con e-parent\" data-id=\"ef193ce\" data-element_type=\"container\" data-e-type=\"container\" data-settings=\"{&quot;background_background&quot;:&quot;classic&quot;}\">\n\t\t\t\t\t<div class=\"e-con-inner\">\n\t\t\t\t<div class=\"elementor-element elementor-element-c0b39fe elementor-widget elementor-widget-heading\" data-id=\"c0b39fe\" data-element_type=\"widget\" data-e-type=\"widget\" data-widget_type=\"heading.default\">\n\t\t\t\t\t<h2 class=\"elementor-heading-title elementor-size-default\">NOTRE SAVOIR FAIRE<\/h2>\t\t\t\t<\/div>\n\t\t\t\t\t<\/div>\n\t\t\t\t<\/div>\n\t\t<div class=\"elementor-element elementor-element-3fd8fc7 e-grid elementor-hidden-mobile e-con-boxed e-con e-parent\" data-id=\"3fd8fc7\" data-element_type=\"container\" data-e-type=\"container\" data-settings=\"{&quot;background_background&quot;:&quot;classic&quot;}\">\n\t\t\t\t\t<div class=\"e-con-inner\">\n\t\t\t\t<div class=\"elementor-element elementor-element-c94edab elementor-widget elementor-widget-text-editor\" data-id=\"c94edab\" data-element_type=\"widget\" data-e-type=\"widget\" data-widget_type=\"text-editor.default\">\n\t\t\t\t\t\t\t\t\t<p>Valmec, depuis plusieurs ann\u00e9es, est une entreprise sp\u00e9cialis\u00e9e dans l&rsquo;extraction et l&rsquo;approvisionnement du garnet en France. Notre site de production en Inde, principal pays o\u00f9 se situe les carri\u00e8res de la pierre almandine, nous incite \u00e0 entretenir des \u00e9changes constants avec nos partenaires locaux afin de manager \u00e0 distance la production de l&rsquo;abrasif.<\/p><p>Notre objectif premier est de mettre \u00e0 disposition de nos clients un abrasif de qualit\u00e9. Pour garantir cette exigence, notre site de production fait l\u2019objet de contr\u00f4les r\u00e9guliers. Lors de ces contr\u00f4les, le calibrage de l\u2019abrasif et la puret\u00e9 du produit sont \u00e9valu\u00e9s au sein d&rsquo;un cahier des charges tr\u00e8s strict.<\/p><p>La qualit\u00e9 du garnet Valmec permet d&rsquo;utiliser cet abrasif pour r\u00e9aliser des d\u00e9capages par a\u00e9rogommage ainsi que la d\u00e9coupe par jet d&rsquo;eau.<\/p>\t\t\t\t\t\t\t\t<\/div>\n\t\t<div class=\"elementor-element elementor-element-f68efa9 e-con-full e-flex e-con e-child\" data-id=\"f68efa9\" data-element_type=\"container\" data-e-type=\"container\" data-settings=\"{&quot;background_background&quot;:&quot;classic&quot;}\">\n\t\t\t\t<\/div>\n\t\t\t\t\t<\/div>\n\t\t\t\t<\/div>\n\t\t<div class=\"elementor-element elementor-element-5b9ca3f e-grid elementor-hidden-desktop elementor-hidden-tablet e-con-boxed e-con e-parent\" data-id=\"5b9ca3f\" data-element_type=\"container\" data-e-type=\"container\" data-settings=\"{&quot;background_background&quot;:&quot;classic&quot;}\">\n\t\t\t\t\t<div class=\"e-con-inner\">\n\t\t\t\t<div class=\"elementor-element elementor-element-7330211 elementor-widget elementor-widget-heading\" data-id=\"7330211\" data-element_type=\"widget\" data-e-type=\"widget\" data-widget_type=\"heading.default\">\n\t\t\t\t\t<h2 class=\"elementor-heading-title elementor-size-default\">NOTRE SAVOIR FAIRE<\/h2>\t\t\t\t<\/div>\n\t\t\t\t\t<\/div>\n\t\t\t\t<\/div>\n\t\t<div class=\"elementor-element elementor-element-262bd76 e-grid elementor-hidden-desktop elementor-hidden-tablet e-con-boxed e-con e-parent\" data-id=\"262bd76\" data-element_type=\"container\" data-e-type=\"container\" data-settings=\"{&quot;background_background&quot;:&quot;classic&quot;}\">\n\t\t\t\t\t<div class=\"e-con-inner\">\n\t\t<div class=\"elementor-element elementor-element-702c6e9 e-con-full e-flex e-con e-child\" data-id=\"702c6e9\" data-element_type=\"container\" data-e-type=\"container\" data-settings=\"{&quot;background_background&quot;:&quot;classic&quot;}\">\n\t\t\t\t<\/div>\n\t\t\t\t<div class=\"elementor-element elementor-element-9dc604a elementor-widget elementor-widget-text-editor\" data-id=\"9dc604a\" data-element_type=\"widget\" data-e-type=\"widget\" data-widget_type=\"text-editor.default\">\n\t\t\t\t\t\t\t\t\t<p>Valmec, depuis plusieurs ann\u00e9es, est une entreprise sp\u00e9cialis\u00e9e dans l&rsquo;extraction et l&rsquo;approvisionnement du garnet en France. Notre site de production en Inde, principal pays o\u00f9 se situe les carri\u00e8res de la pierre almandine, nous incite \u00e0 entretenir des \u00e9changes constants avec nos partenaires locaux afin de manager \u00e0 distance la production de l&rsquo;abrasif.<\/p><p>Notre objectif premier est de mettre \u00e0 disposition de nos clients un abrasif de qualit\u00e9. Pour garantir cette exigence, notre site de production fait l\u2019objet de contr\u00f4les r\u00e9guliers. Lors de ces contr\u00f4les, le calibrage de l\u2019abrasif et la puret\u00e9 du produit sont \u00e9valu\u00e9s au sein d&rsquo;un cahier des charges tr\u00e8s strict.<\/p><p>La qualit\u00e9 du garnet Valmec permet d&rsquo;utiliser cet abrasif pour r\u00e9aliser des d\u00e9capages par a\u00e9rogommage ainsi que la d\u00e9coupe par jet d&rsquo;eau.<\/p>\t\t\t\t\t\t\t\t<\/div>\n\t\t\t\t\t<\/div>\n\t\t\t\t<\/div>\n\t\t<div class=\"elementor-element elementor-element-63bd129 e-grid e-con-boxed e-con e-parent\" data-id=\"63bd129\" data-element_type=\"container\" data-e-type=\"container\" data-settings=\"{&quot;background_background&quot;:&quot;classic&quot;}\">\n\t\t\t\t\t<div class=\"e-con-inner\">\n\t\t\t\t<div class=\"elementor-element elementor-element-9575beb elementor-widget elementor-widget-heading\" data-id=\"9575beb\" data-element_type=\"widget\" data-e-type=\"widget\" data-widget_type=\"heading.default\">\n\t\t\t\t\t<h2 class=\"elementor-heading-title elementor-size-default\">NOS ENGAGEMENTS<\/h2>\t\t\t\t<\/div>\n\t\t\t\t\t<\/div>\n\t\t\t\t<\/div>\n\t\t<div class=\"elementor-element elementor-element-5c40287 e-grid e-con-boxed e-con e-parent\" data-id=\"5c40287\" data-element_type=\"container\" data-e-type=\"container\" data-settings=\"{&quot;background_background&quot;:&quot;classic&quot;}\">\n\t\t\t\t\t<div class=\"e-con-inner\">\n\t\t\t\t<div class=\"elementor-element elementor-element-c2aa7ed elementor-view-default elementor-position-block-start elementor-mobile-position-block-start elementor-widget elementor-widget-icon-box\" data-id=\"c2aa7ed\" data-element_type=\"widget\" data-e-type=\"widget\" data-widget_type=\"icon-box.default\">\n\t\t\t\t\t\t\t<div class=\"elementor-icon-box-wrapper\">\n\n\t\t\t\t\t\t<div class=\"elementor-icon-box-icon\">\n\t\t\t\t<span  class=\"elementor-icon elementor-animation-grow\">\n\t\t\t\t<svg aria-hidden=\"true\" class=\"e-font-icon-svg e-far-check-square\" viewBox=\"0 0 448 512\" xmlns=\"http:\/\/www.w3.org\/2000\/svg\"><path d=\"M400 32H48C21.49 32 0 53.49 0 80v352c0 26.51 21.49 48 48 48h352c26.51 0 48-21.49 48-48V80c0-26.51-21.49-48-48-48zm0 400H48V80h352v352zm-35.864-241.724L191.547 361.48c-4.705 4.667-12.303 4.637-16.97-.068l-90.781-91.516c-4.667-4.705-4.637-12.303.069-16.971l22.719-22.536c4.705-4.667 12.303-4.637 16.97.069l59.792 60.277 141.352-140.216c4.705-4.667 12.303-4.637 16.97.068l22.536 22.718c4.667 4.706 4.637 12.304-.068 16.971z\"><\/path><\/svg>\t\t\t\t<\/span>\n\t\t\t<\/div>\n\t\t\t\n\t\t\t\t\t\t<div class=\"elementor-icon-box-content\">\n\n\t\t\t\t\t\t\t\t\t<h4 class=\"elementor-icon-box-title\">\n\t\t\t\t\t\t<span  >\n\t\t\t\t\t\t\tGARNET DE QUALIT\u00c9\t\t\t\t\t\t<\/span>\n\t\t\t\t\t<\/h4>\n\t\t\t\t\n\t\t\t\t\t\t\t\t\t<p class=\"elementor-icon-box-description\">\n\t\t\t\t\t\tNous respectons un cahier des charges strict\t\t\t\t\t<\/p>\n\t\t\t\t\n\t\t\t<\/div>\n\t\t\t\n\t\t<\/div>\n\t\t\t\t\t\t<\/div>\n\t\t\t\t<div class=\"elementor-element elementor-element-e24641c elementor-view-default elementor-position-block-start elementor-mobile-position-block-start elementor-widget elementor-widget-icon-box\" data-id=\"e24641c\" data-element_type=\"widget\" data-e-type=\"widget\" data-widget_type=\"icon-box.default\">\n\t\t\t\t\t\t\t<div class=\"elementor-icon-box-wrapper\">\n\n\t\t\t\t\t\t<div class=\"elementor-icon-box-icon\">\n\t\t\t\t<span  class=\"elementor-icon elementor-animation-grow\">\n\t\t\t\t<svg aria-hidden=\"true\" class=\"e-font-icon-svg e-far-paper-plane\" viewBox=\"0 0 512 512\" xmlns=\"http:\/\/www.w3.org\/2000\/svg\"><path d=\"M440 6.5L24 246.4c-34.4 19.9-31.1 70.8 5.7 85.9L144 379.6V464c0 46.4 59.2 65.5 86.6 28.6l43.8-59.1 111.9 46.2c5.9 2.4 12.1 3.6 18.3 3.6 8.2 0 16.3-2.1 23.6-6.2 12.8-7.2 21.6-20 23.9-34.5l59.4-387.2c6.1-40.1-36.9-68.8-71.5-48.9zM192 464v-64.6l36.6 15.1L192 464zm212.6-28.7l-153.8-63.5L391 169.5c10.7-15.5-9.5-33.5-23.7-21.2L155.8 332.6 48 288 464 48l-59.4 387.3z\"><\/path><\/svg>\t\t\t\t<\/span>\n\t\t\t<\/div>\n\t\t\t\n\t\t\t\t\t\t<div class=\"elementor-icon-box-content\">\n\n\t\t\t\t\t\t\t\t\t<h4 class=\"elementor-icon-box-title\">\n\t\t\t\t\t\t<span  >\n\t\t\t\t\t\t\tTRANSPORT OPTIMIS\u00c9\t\t\t\t\t\t<\/span>\n\t\t\t\t\t<\/h4>\n\t\t\t\t\n\t\t\t\t\t\t\t\t\t<p class=\"elementor-icon-box-description\">\n\t\t\t\t\t\tNous privil\u00e9gions les conteneurs et camions complets pour optimiser les transactions et les couts\t\t\t\t\t<\/p>\n\t\t\t\t\n\t\t\t<\/div>\n\t\t\t\n\t\t<\/div>\n\t\t\t\t\t\t<\/div>\n\t\t\t\t<div class=\"elementor-element elementor-element-0f1f5b6 elementor-view-default elementor-position-block-start elementor-mobile-position-block-start elementor-widget elementor-widget-icon-box\" data-id=\"0f1f5b6\" data-element_type=\"widget\" data-e-type=\"widget\" data-widget_type=\"icon-box.default\">\n\t\t\t\t\t\t\t<div class=\"elementor-icon-box-wrapper\">\n\n\t\t\t\t\t\t<div class=\"elementor-icon-box-icon\">\n\t\t\t\t<span  class=\"elementor-icon elementor-animation-grow\">\n\t\t\t\t<svg aria-hidden=\"true\" class=\"e-font-icon-svg e-far-user\" viewBox=\"0 0 448 512\" xmlns=\"http:\/\/www.w3.org\/2000\/svg\"><path d=\"M313.6 304c-28.7 0-42.5 16-89.6 16-47.1 0-60.8-16-89.6-16C60.2 304 0 364.2 0 438.4V464c0 26.5 21.5 48 48 48h352c26.5 0 48-21.5 48-48v-25.6c0-74.2-60.2-134.4-134.4-134.4zM400 464H48v-25.6c0-47.6 38.8-86.4 86.4-86.4 14.6 0 38.3 16 89.6 16 51.7 0 74.9-16 89.6-16 47.6 0 86.4 38.8 86.4 86.4V464zM224 288c79.5 0 144-64.5 144-144S303.5 0 224 0 80 64.5 80 144s64.5 144 144 144zm0-240c52.9 0 96 43.1 96 96s-43.1 96-96 96-96-43.1-96-96 43.1-96 96-96z\"><\/path><\/svg>\t\t\t\t<\/span>\n\t\t\t<\/div>\n\t\t\t\n\t\t\t\t\t\t<div class=\"elementor-icon-box-content\">\n\n\t\t\t\t\t\t\t\t\t<h4 class=\"elementor-icon-box-title\">\n\t\t\t\t\t\t<span  >\n\t\t\t\t\t\t\tINTERVENANTS LIMIT\u00c9S\t\t\t\t\t\t<\/span>\n\t\t\t\t\t<\/h4>\n\t\t\t\t\n\t\t\t\t\t\t\t\t\t<p class=\"elementor-icon-box-description\">\n\t\t\t\t\t\tNous avons notre propre site de production et g\u00e9rons directement les exp\u00e9ditions\t\t\t\t\t<\/p>\n\t\t\t\t\n\t\t\t<\/div>\n\t\t\t\n\t\t<\/div>\n\t\t\t\t\t\t<\/div>\n\t\t\t\t\t<\/div>\n\t\t\t\t<\/div>\n\t\t<div class=\"elementor-element elementor-element-528440e e-flex e-con-boxed e-con e-parent\" data-id=\"528440e\" data-element_type=\"container\" data-e-type=\"container\" data-settings=\"{&quot;background_background&quot;:&quot;classic&quot;}\">\n\t\t\t\t\t<div class=\"e-con-inner\">\n\t\t\t\t<div class=\"elementor-element elementor-element-cac43d7 elementor-widget elementor-widget-text-editor\" data-id=\"cac43d7\" data-element_type=\"widget\" data-e-type=\"widget\" data-widget_type=\"text-editor.default\">\n\t\t\t\t\t\t\t\t\t<p>Valmec met un point d&rsquo;honneur \u00e0 satisfaire ses clients en proposant un abrasif de qualit\u00e9. Pour cela, notre site de production en Inde fait l&rsquo;objet de <strong>contr\u00f4les r\u00e9guliers<\/strong>. Lors de ces contr\u00f4les, deux points sont \u00e9tudi\u00e9s avec attention : <span style=\"background-color: transparent;\">Le <strong>calibrage de l&rsquo;abrasif<\/strong> et l<\/span><span style=\"background-color: transparent;\">a <strong>puret\u00e9 du produit<\/strong>.\u00a0<\/span>Le garnet fait l&rsquo;objet d&rsquo;un <strong>cahier des charges strict<\/strong> avant exp\u00e9dition de notre site de production.<\/p><div>Notre soci\u00e9t\u00e9, dans une d\u00e9marche eco responsable, a \u00e9galement une r\u00e9elle envie de <strong>limiter les intervenants<\/strong> et faciliter ainsi le processus d&rsquo;approvisionnement du garnet en France. Nous privil\u00e9gions l&rsquo;acheminement de <strong>conteneurs et camions complets<\/strong>, afin de limiter les transports et faire profiter nos clients de <strong>tarifs avantageux.<\/strong><\/div>\t\t\t\t\t\t\t\t<\/div>\n\t\t\t\t\t<\/div>\n\t\t\t\t<\/div>\n\t\t\t\t<\/div>\n\t\t","protected":false},"excerpt":{"rendered":"<p>SP\u00c9CIALISTE DU GARNET DEPUIS PLUSIEURS ANN\u00c9ES NOTRE SAVOIR FAIRE Valmec, depuis plusieurs ann\u00e9es, est une entreprise sp\u00e9cialis\u00e9e dans l&rsquo;extraction et l&rsquo;approvisionnement du garnet en France. Notre site de production en Inde, principal pays o\u00f9 se situe les carri\u00e8res de la pierre almandine, nous incite \u00e0 entretenir des \u00e9changes constants avec nos partenaires locaux afin de [&hellip;]<\/p>\n","protected":false},"author":2,"featured_media":0,"parent":0,"menu_order":0,"comment_status":"closed","ping_status":"closed","template":"","meta":{"footnotes":""},"class_list":["post-15672","page","type-page","status-publish","hentry"],"_links":{"self":[{"href":"https:\/\/valmec-rocks.com\/index.php\/wp-json\/wp\/v2\/pages\/15672","targetHints":{"allow":["GET"]}}],"collection":[{"href":"https:\/\/valmec-rocks.com\/index.php\/wp-json\/wp\/v2\/pages"}],"about":[{"href":"https:\/\/valmec-rocks.com\/index.php\/wp-json\/wp\/v2\/types\/page"}],"author":[{"embeddable":true,"href":"https:\/\/valmec-rocks.com\/index.php\/wp-json\/wp\/v2\/users\/2"}],"replies":[{"embeddable":true,"href":"https:\/\/valmec-rocks.com\/index.php\/wp-json\/wp\/v2\/comments?post=15672"}],"version-history":[{"count":56,"href":"https:\/\/valmec-rocks.com\/index.php\/wp-json\/wp\/v2\/pages\/15672\/revisions"}],"predecessor-version":[{"id":16500,"href":"https:\/\/valmec-rocks.com\/index.php\/wp-json\/wp\/v2\/pages\/15672\/revisions\/16500"}],"wp:attachment":[{"href":"https:\/\/valmec-rocks.com\/index.php\/wp-json\/wp\/v2\/media?parent=15672"}],"curies":[{"name":"wp","href":"https:\/\/api.w.org\/{rel}","templated":true}]}}