{"id":15742,"date":"2026-03-31T12:03:14","date_gmt":"2026-03-31T10:03:14","guid":{"rendered":"https:\/\/valmec-rocks.com\/?page_id=15742"},"modified":"2026-04-28T08:18:12","modified_gmt":"2026-04-28T06:18:12","slug":"abrasif-garnet","status":"publish","type":"page","link":"https:\/\/valmec-rocks.com\/index.php\/abrasif-garnet\/","title":{"rendered":"Page ABRASIF GARNET"},"content":{"rendered":"\t\t<div data-elementor-type=\"wp-page\" data-elementor-id=\"15742\" class=\"elementor elementor-15742\" data-elementor-post-type=\"page\">\n\t\t\t\t<div class=\"elementor-element elementor-element-53d9f63 e-con-full e-flex e-con e-parent\" data-id=\"53d9f63\" data-element_type=\"container\" data-e-type=\"container\" data-settings=\"{&quot;background_background&quot;:&quot;slideshow&quot;,&quot;background_slideshow_gallery&quot;:[{&quot;id&quot;:16266,&quot;url&quot;:&quot;https:\\\/\\\/valmec-rocks.com\\\/wp-content\\\/uploads\\\/2026\\\/04\\\/Decoupe-jet-deau-et-abrasif.jpg&quot;},{&quot;id&quot;:16605,&quot;url&quot;:&quot;https:\\\/\\\/valmec-rocks.com\\\/wp-content\\\/uploads\\\/2026\\\/04\\\/aerogommage-decapage-de-meuble.jpg&quot;}],&quot;background_slideshow_ken_burns&quot;:&quot;yes&quot;,&quot;background_slideshow_ken_burns_zoom_direction&quot;:&quot;out&quot;,&quot;background_slideshow_loop&quot;:&quot;yes&quot;,&quot;background_slideshow_slide_duration&quot;:5000,&quot;background_slideshow_slide_transition&quot;:&quot;fade&quot;,&quot;background_slideshow_transition_duration&quot;:500}\">\n\t\t\t\t<div class=\"elementor-element elementor-element-9df80f5 elementor-absolute elementor-widget elementor-widget-heading\" data-id=\"9df80f5\" data-element_type=\"widget\" data-e-type=\"widget\" data-settings=\"{&quot;_position&quot;:&quot;absolute&quot;}\" data-widget_type=\"heading.default\">\n\t\t\t\t\t<h1 class=\"elementor-heading-title elementor-size-default\">LE  GARNET <\/h1>\t\t\t\t<\/div>\n\t\t\t\t<div class=\"elementor-element elementor-element-6944099 elementor-absolute elementor-widget elementor-widget-heading\" data-id=\"6944099\" data-element_type=\"widget\" data-e-type=\"widget\" data-settings=\"{&quot;_position&quot;:&quot;absolute&quot;}\" data-widget_type=\"heading.default\">\n\t\t\t\t\t<h2 class=\"elementor-heading-title elementor-size-default\">UN ABRASIF POLYVALENT<\/h2>\t\t\t\t<\/div>\n\t\t\t\t<\/div>\n\t\t<div class=\"elementor-element elementor-element-c29959c e-grid e-con-boxed e-con e-parent\" data-id=\"c29959c\" data-element_type=\"container\" data-e-type=\"container\" data-settings=\"{&quot;background_background&quot;:&quot;classic&quot;}\">\n\t\t\t\t\t<div class=\"e-con-inner\">\n\t\t\t\t<div class=\"elementor-element elementor-element-5104d66 elementor-widget elementor-widget-heading\" data-id=\"5104d66\" data-element_type=\"widget\" data-e-type=\"widget\" data-widget_type=\"heading.default\">\n\t\t\t\t\t<h2 class=\"elementor-heading-title elementor-size-default\">D\u00c9COUVREZ LA PIERRE ALMANDINE<\/h2>\t\t\t\t<\/div>\n\t\t\t\t\t<\/div>\n\t\t\t\t<\/div>\n\t\t<div class=\"elementor-element elementor-element-95f4540 e-grid e-con-boxed e-con e-parent\" data-id=\"95f4540\" data-element_type=\"container\" data-e-type=\"container\" data-settings=\"{&quot;background_background&quot;:&quot;classic&quot;}\">\n\t\t\t\t\t<div class=\"e-con-inner\">\n\t\t<div class=\"elementor-element elementor-element-9df3185 e-con-full e-flex e-con e-child\" data-id=\"9df3185\" data-element_type=\"container\" data-e-type=\"container\" data-settings=\"{&quot;background_background&quot;:&quot;classic&quot;}\">\n\t\t\t\t<\/div>\n\t\t\t\t<div class=\"elementor-element elementor-element-71f3863 elementor-widget elementor-widget-text-editor\" data-id=\"71f3863\" data-element_type=\"widget\" data-e-type=\"widget\" data-widget_type=\"text-editor.default\">\n\t\t\t\t\t\t\t\t\t<p>L\u2019abrasif garnet est compos\u00e9 de grains de grenat (pierre almandine) de couleur rose. Il est l\u2019un des min\u00e9raux les plus durs au monde, exploit\u00e9 principalement en Inde et en Australie.<\/p><p>Naturel et sans silice libre, il respecte l\u2019environnement ainsi que l\u2019utilisateur. Gr\u00e2ce \u00e0 une tr\u00e8s grande r\u00e9gularit\u00e9 et \u00e0 une densit\u00e9 tr\u00e8s \u00e9lev\u00e9e, le garnet permettra un travail soign\u00e9 avec un minimum de poussi\u00e8re.\u00a0<\/p><p>Sa polyvalence permet d&rsquo;utiliser cet abrasif dans divers secteurs d&rsquo;activit\u00e9s notamment la d\u00e9coupe jet d&rsquo;eau dont VALMEC est sp\u00e9cialiste, et l&rsquo;a\u00e9rogommage.<\/p><p>Plusieurs granulom\u00e9tries du garnet sont d&rsquo;ailleurs disponibles afin de garantir un r\u00e9sultat optimal sur chaque support et mati\u00e8re \u00e0 traiter.<\/p><p>Le garnet propos\u00e9 par la soci\u00e9t\u00e9 VALMEC est d&rsquo;origine Indienne.\u00a0<\/p>\t\t\t\t\t\t\t\t<\/div>\n\t\t\t\t\t<\/div>\n\t\t\t\t<\/div>\n\t\t<div class=\"elementor-element elementor-element-95c1946 e-grid e-con-boxed e-con e-parent\" data-id=\"95c1946\" data-element_type=\"container\" data-e-type=\"container\">\n\t\t\t\t\t<div class=\"e-con-inner\">\n\t\t\t\t<div class=\"elementor-element elementor-element-3e3ee81 elementor-widget elementor-widget-text-editor\" data-id=\"3e3ee81\" data-element_type=\"widget\" data-e-type=\"widget\" data-widget_type=\"text-editor.default\">\n\t\t\t\t\t\t\t\t\t<p>VALMEC met \u00e0 votre disposition deux granulom\u00e9tries principales de garnet : Le garnet 80 Mesh et le garnet 120 Mesh.&nbsp;<\/p>\t\t\t\t\t\t\t\t<\/div>\n\t\t\t\t\t<\/div>\n\t\t\t\t<\/div>\n\t\t<div class=\"elementor-element elementor-element-910cf42 e-grid e-con-boxed e-con e-parent\" data-id=\"910cf42\" data-element_type=\"container\" data-e-type=\"container\">\n\t\t\t\t\t<div class=\"e-con-inner\">\n\t\t\t\t<div class=\"elementor-element elementor-element-ab7d305 elementor-widget elementor-widget-heading\" data-id=\"ab7d305\" data-element_type=\"widget\" data-e-type=\"widget\" data-widget_type=\"heading.default\">\n\t\t\t\t\t<h4 class=\"elementor-heading-title elementor-size-default\">GARNET 80 MESH<\/h4>\t\t\t\t<\/div>\n\t\t\t\t<div class=\"elementor-element elementor-element-bc75368 elementor-widget elementor-widget-heading\" data-id=\"bc75368\" data-element_type=\"widget\" data-e-type=\"widget\" data-widget_type=\"heading.default\">\n\t\t\t\t\t<h4 class=\"elementor-heading-title elementor-size-default\">GARNET 120 MESH<\/h4>\t\t\t\t<\/div>\n\t\t\t\t\t<\/div>\n\t\t\t\t<\/div>\n\t\t<div class=\"elementor-element elementor-element-d890a2c e-grid e-con-boxed e-con e-parent\" data-id=\"d890a2c\" data-element_type=\"container\" data-e-type=\"container\" data-settings=\"{&quot;background_background&quot;:&quot;classic&quot;}\">\n\t\t\t\t\t<div class=\"e-con-inner\">\n\t\t\t\t<div class=\"elementor-element elementor-element-111abd9 elementor-widget elementor-widget-image\" data-id=\"111abd9\" data-element_type=\"widget\" data-e-type=\"widget\" data-widget_type=\"image.default\">\n\t\t\t\t\t\t\t\t\t\t\t\t\t\t\t<img decoding=\"async\" src=\"https:\/\/valmec-rocks.com\/wp-content\/uploads\/elementor\/thumbs\/Abrasif-garnet-80-Mesh-rm33rnxyh0ux83ehkqswtpiruqey3uhxi5e6muqvfc.jpg\" title=\"Abrasif garnet 80 Mesh\" alt=\"Abrasif garnet 80 Mesh\" loading=\"lazy\" \/>\t\t\t\t\t\t\t\t\t\t\t\t\t\t\t<\/div>\n\t\t\t\t<div class=\"elementor-element elementor-element-4044599 elementor-widget elementor-widget-image\" data-id=\"4044599\" data-element_type=\"widget\" data-e-type=\"widget\" data-widget_type=\"image.default\">\n\t\t\t\t\t\t\t\t\t\t\t\t\t\t\t<img decoding=\"async\" src=\"https:\/\/valmec-rocks.com\/wp-content\/uploads\/elementor\/thumbs\/Abrasif-garnet-120-mesh-rm1b6tsewmbxokcwztjlsdg6ud8s251xv9sjl9t120.png\" title=\"Abrasif garnet 120 mesh\" alt=\"Abrasif garnet 120 mesh\" loading=\"lazy\" \/>\t\t\t\t\t\t\t\t\t\t\t\t\t\t\t<\/div>\n\t\t\t\t<div class=\"elementor-element elementor-element-1840069 elementor-widget elementor-widget-text-editor\" data-id=\"1840069\" data-element_type=\"widget\" data-e-type=\"widget\" data-widget_type=\"text-editor.default\">\n\t\t\t\t\t\t\t\t\t<p>Indice de duret\u00e9 (Mohs) : 8.0\/10<br>Granulom\u00e9trie : 0,180 &#8211; 0,350 mm<\/p>\t\t\t\t\t\t\t\t<\/div>\n\t\t\t\t<div class=\"elementor-element elementor-element-71ae4ec elementor-widget elementor-widget-text-editor\" data-id=\"71ae4ec\" data-element_type=\"widget\" data-e-type=\"widget\" data-widget_type=\"text-editor.default\">\n\t\t\t\t\t\t\t\t\t<p>Indice de duret\u00e9 (Mohs) : 8.0\/10<br \/>Granulom\u00e9trie : 0,125 &#8211; 0,250 mm<\/p>\t\t\t\t\t\t\t\t<\/div>\n\t\t\t\t\t<\/div>\n\t\t\t\t<\/div>\n\t\t<div class=\"elementor-element elementor-element-0a0487e e-grid elementor-hidden-desktop elementor-hidden-tablet e-con-boxed e-con e-parent\" data-id=\"0a0487e\" data-element_type=\"container\" data-e-type=\"container\" data-settings=\"{&quot;background_background&quot;:&quot;classic&quot;}\">\n\t\t\t\t\t<div class=\"e-con-inner\">\n\t\t\t\t<div class=\"elementor-element elementor-element-944f567 elementor-widget elementor-widget-heading\" data-id=\"944f567\" data-element_type=\"widget\" data-e-type=\"widget\" data-widget_type=\"heading.default\">\n\t\t\t\t\t<h2 class=\"elementor-heading-title elementor-size-default\">LE GARNET POUR LA D\u00c9COUPE JET D'EAU<\/h2>\t\t\t\t<\/div>\n\t\t\t\t\t<\/div>\n\t\t\t\t<\/div>\n\t\t<div class=\"elementor-element elementor-element-71c2ae3 e-grid elementor-hidden-desktop elementor-hidden-tablet e-con-boxed e-con e-parent\" data-id=\"71c2ae3\" data-element_type=\"container\" data-e-type=\"container\" data-settings=\"{&quot;background_background&quot;:&quot;classic&quot;}\">\n\t\t\t\t\t<div class=\"e-con-inner\">\n\t\t<div class=\"elementor-element elementor-element-62fdd9c e-con-full e-flex e-con e-child\" data-id=\"62fdd9c\" data-element_type=\"container\" data-e-type=\"container\" data-settings=\"{&quot;background_background&quot;:&quot;classic&quot;}\">\n\t\t\t\t<\/div>\n\t\t\t\t<div class=\"elementor-element elementor-element-f944bfe elementor-widget elementor-widget-text-editor\" data-id=\"f944bfe\" data-element_type=\"widget\" data-e-type=\"widget\" data-widget_type=\"text-editor.default\">\n\t\t\t\t\t\t\t\t\t<p>La d\u00e9coupe au jet d&rsquo;eau consiste \u00e0 propulser \u00e0 l&rsquo;aide d&rsquo;une buse de l&rsquo;eau en pression m\u00e9lang\u00e9 \u00e0 de l&rsquo;abrasif, sur un mat\u00e9riau \u00e0 usiner. L&rsquo;utilisation d&rsquo;une buse adapt\u00e9e \u00e0 cette technique industrielle de d\u00e9coupe vient acc\u00e9l\u00e9rer \u00e0 tr\u00e8s haute vitesse des particules, permettant une section nette et pr\u00e9cise de la mati\u00e8re.<\/p><p>La d\u00e9coupe jet d&rsquo;eau est utilisable sur de nombreux mat\u00e9riaux, notamment les plus fragiles et r\u00e9sistants. Pour permettre de d\u00e9couper efficacement les pi\u00e8ces, il faut utiliser un abrasif semi angulaire comme le garnet.<\/p>\t\t\t\t\t\t\t\t<\/div>\n\t\t\t\t\t<\/div>\n\t\t\t\t<\/div>\n\t\t<div class=\"elementor-element elementor-element-024b013 e-grid elementor-hidden-mobile e-con-boxed e-con e-parent\" data-id=\"024b013\" data-element_type=\"container\" data-e-type=\"container\">\n\t\t\t\t\t<div class=\"e-con-inner\">\n\t\t\t\t<div class=\"elementor-element elementor-element-70b6c07 elementor-widget elementor-widget-heading\" data-id=\"70b6c07\" data-element_type=\"widget\" data-e-type=\"widget\" data-widget_type=\"heading.default\">\n\t\t\t\t\t<h2 class=\"elementor-heading-title elementor-size-default\">LE GARNET POUR LA D\u00c9COUPE JET D'EAU<\/h2>\t\t\t\t<\/div>\n\t\t\t\t\t<\/div>\n\t\t\t\t<\/div>\n\t\t<div class=\"elementor-element elementor-element-10a9e65 e-grid elementor-hidden-mobile e-con-boxed e-con e-parent\" data-id=\"10a9e65\" data-element_type=\"container\" data-e-type=\"container\" data-settings=\"{&quot;background_background&quot;:&quot;classic&quot;}\">\n\t\t\t\t\t<div class=\"e-con-inner\">\n\t\t\t\t<div class=\"elementor-element elementor-element-4735a4e elementor-widget elementor-widget-text-editor\" data-id=\"4735a4e\" data-element_type=\"widget\" data-e-type=\"widget\" data-widget_type=\"text-editor.default\">\n\t\t\t\t\t\t\t\t\t<p>La d\u00e9coupe au jet d&rsquo;eau consiste \u00e0 propulser \u00e0 l&rsquo;aide d&rsquo;une buse de l&rsquo;eau en pression m\u00e9lang\u00e9 \u00e0 de l&rsquo;abrasif, sur un mat\u00e9riau \u00e0 usiner. L&rsquo;utilisation d&rsquo;une buse adapt\u00e9e \u00e0 cette technique industrielle de d\u00e9coupe vient acc\u00e9l\u00e9rer \u00e0 tr\u00e8s haute vitesse des particules, permettant une section nette et pr\u00e9cise de la mati\u00e8re.<\/p><p>La d\u00e9coupe jet d&rsquo;eau est utilisable sur de nombreux mat\u00e9riaux, notamment les plus fragiles et r\u00e9sistants. Pour permettre de d\u00e9couper efficacement les pi\u00e8ces, il faut utiliser un abrasif semi angulaire comme le garnet.<\/p>\t\t\t\t\t\t\t\t<\/div>\n\t\t<div class=\"elementor-element elementor-element-d3c8029 e-con-full e-flex e-con e-child\" data-id=\"d3c8029\" data-element_type=\"container\" data-e-type=\"container\" data-settings=\"{&quot;background_background&quot;:&quot;classic&quot;}\">\n\t\t\t\t<\/div>\n\t\t\t\t\t<\/div>\n\t\t\t\t<\/div>\n\t\t<div class=\"elementor-element elementor-element-ca697d9 e-flex e-con-boxed e-con e-parent\" data-id=\"ca697d9\" data-element_type=\"container\" data-e-type=\"container\">\n\t\t\t\t\t<div class=\"e-con-inner\">\n\t\t\t\t<div class=\"elementor-element elementor-element-0d78060 elementor-widget elementor-widget-heading\" data-id=\"0d78060\" data-element_type=\"widget\" data-e-type=\"widget\" data-widget_type=\"heading.default\">\n\t\t\t\t\t<h2 class=\"elementor-heading-title elementor-size-default\">D\u00c9COUPE JET D'EAU : LES AVANTAGES DU GARNET<\/h2>\t\t\t\t<\/div>\n\t\t\t\t\t<\/div>\n\t\t\t\t<\/div>\n\t\t<div class=\"elementor-element elementor-element-8810b24 e-flex e-con-boxed e-con e-parent\" data-id=\"8810b24\" data-element_type=\"container\" data-e-type=\"container\">\n\t\t\t\t\t<div class=\"e-con-inner\">\n\t\t\t\t<div class=\"elementor-element elementor-element-8fac979 elementor-widget elementor-widget-text-editor\" data-id=\"8fac979\" data-element_type=\"widget\" data-e-type=\"widget\" data-widget_type=\"text-editor.default\">\n\t\t\t\t\t\t\t\t\t<p>L&rsquo;utilisation du Garnet dans le proc\u00e9d\u00e9 de d\u00e9coupe jet d&rsquo;eau permet une arr\u00eate de coupe nette et pr\u00e9cise pour une excellente finition des pi\u00e8ces. Sa performance de coupe garanti une pr\u00e9cision et une vitesse incomparable sur les m\u00e9taux tels que l&rsquo;acier, l&rsquo;inox, le titane mais aussi le verre , la pierre et d&rsquo;autres m\u00e9taux.\u00a0<\/p><p>Sa faible \u00e9mission de poussi\u00e8re et un r\u00e9el avantage pour la d\u00e9coupe jet d&rsquo;eau. En contact avec l&rsquo;eau, les particules de poussi\u00e8re sont neutralis\u00e9es, laissant de ce fait un espace de travail propre. De plus, sans silice* libre (*teneur naturelle inf\u00e9rieure \u00e0 1%), l&rsquo;abrasif garnet permet \u00e0 l&rsquo;utilisateur de travailler en toute s\u00e9curit\u00e9.\u00a0<\/p><p>Utiliser le garnet pour la d\u00e9coupe au jet d&rsquo;eau, c&rsquo;est garantir une vitesse de travail accrue. Sa qualit\u00e9 permet d&rsquo;\u00e9viter les arr\u00eats machine et les encrassements possibles des pi\u00e8ces.<\/p>\t\t\t\t\t\t\t\t<\/div>\n\t\t\t\t\t<\/div>\n\t\t\t\t<\/div>\n\t\t<div class=\"elementor-element elementor-element-d2b3ee2 e-flex e-con-boxed e-con e-parent\" data-id=\"d2b3ee2\" data-element_type=\"container\" data-e-type=\"container\">\n\t\t\t\t\t<div class=\"e-con-inner\">\n\t\t\t\t<div class=\"elementor-element elementor-element-5590dc2 elementor-widget elementor-widget-heading\" data-id=\"5590dc2\" data-element_type=\"widget\" data-e-type=\"widget\" data-widget_type=\"heading.default\">\n\t\t\t\t\t<h2 class=\"elementor-heading-title elementor-size-default\">LE GARNET POUR L'A\u00c9ROGOMMAGE<\/h2>\t\t\t\t<\/div>\n\t\t\t\t\t<\/div>\n\t\t\t\t<\/div>\n\t\t<div class=\"elementor-element elementor-element-3541386 e-grid e-con-boxed e-con e-parent\" data-id=\"3541386\" data-element_type=\"container\" data-e-type=\"container\" data-settings=\"{&quot;background_background&quot;:&quot;classic&quot;}\">\n\t\t\t\t\t<div class=\"e-con-inner\">\n\t\t<div class=\"elementor-element elementor-element-aaff64e e-con-full e-flex e-con e-child\" data-id=\"aaff64e\" data-element_type=\"container\" data-e-type=\"container\" data-settings=\"{&quot;background_background&quot;:&quot;classic&quot;}\">\n\t\t\t\t<\/div>\n\t\t\t\t<div class=\"elementor-element elementor-element-024d44f elementor-widget elementor-widget-text-editor\" data-id=\"024d44f\" data-element_type=\"widget\" data-e-type=\"widget\" data-widget_type=\"text-editor.default\">\n\t\t\t\t\t\t\t\t\t<p>Le d\u00e9capage par a\u00e9rogommage consiste \u00e0 projeter \u00e0 basse pression un abrasif \u00e0 l&rsquo;aide d&rsquo;une machine aliment\u00e9e en air comprim\u00e9e\u00a0 appel\u00e9e a\u00e9rogommeuse.\u00a0<\/p><p>En utilisant des abrasifs \u00e9cologiques tel que le garnet, ce proc\u00e9d\u00e9 pr\u00e9sente l&rsquo;avantage de d\u00e9caper efficacement tout en pr\u00e9servant l&rsquo;environnement et l&rsquo;op\u00e9rateur. Cette technologie est utilisable dans divers secteurs d&rsquo;activit\u00e9s et sur de multiples supports : meubles en bois, portails en m\u00e9tal, fa\u00e7ades en pierres&#8230;<\/p><p>Le proc\u00e9d\u00e9 par a\u00e9rogommage n&rsquo;utilise pas de produit chimique et ne n\u00e9cessite pas de temps de s\u00e9chage. Il permet de d\u00e9caper des surfaces facilement et surtout tr\u00e8s rapidement.<\/p>\t\t\t\t\t\t\t\t<\/div>\n\t\t\t\t\t<\/div>\n\t\t\t\t<\/div>\n\t\t<div class=\"elementor-element elementor-element-9f0252e e-flex e-con-boxed e-con e-parent\" data-id=\"9f0252e\" data-element_type=\"container\" data-e-type=\"container\">\n\t\t\t\t\t<div class=\"e-con-inner\">\n\t\t\t\t<div class=\"elementor-element elementor-element-9e7527e elementor-widget elementor-widget-heading\" data-id=\"9e7527e\" data-element_type=\"widget\" data-e-type=\"widget\" data-widget_type=\"heading.default\">\n\t\t\t\t\t<h2 class=\"elementor-heading-title elementor-size-default\">A\u00c9ROGOMMAGE : LES AVANTAGES DU GARNET<\/h2>\t\t\t\t<\/div>\n\t\t\t\t\t<\/div>\n\t\t\t\t<\/div>\n\t\t<div class=\"elementor-element elementor-element-692d6d6 e-flex e-con-boxed e-con e-parent\" data-id=\"692d6d6\" data-element_type=\"container\" data-e-type=\"container\">\n\t\t\t\t\t<div class=\"e-con-inner\">\n\t\t\t\t<div class=\"elementor-element elementor-element-868b0bb elementor-widget elementor-widget-text-editor\" data-id=\"868b0bb\" data-element_type=\"widget\" data-e-type=\"widget\" data-widget_type=\"text-editor.default\">\n\t\t\t\t\t\t\t\t\t<p>L&rsquo;utilisation de l&rsquo;abrasif garnet en a\u00e9rogommage vous permet de d\u00e9caper facilement toutes les surfaces. En un seul passage de pistolet, vous retirez les couches ind\u00e9sirables et obtenez un r\u00e9sultat net et propre. Termin\u00e9 le pon\u00e7age manuel, en choisissant la granulom\u00e9trie de garnet adapt\u00e9e \u00e0 votre support, vos d\u00e9capages deviennent un jeu d&rsquo;enfant.&nbsp;<\/p>\n<p>Pour fonctionner, votre a\u00e9rogommeuse doit \u00eatre aliment\u00e9e en air comprim\u00e9. Dans un premier temps vous devez donc vous \u00e9quiper d&rsquo;un compresseur d&rsquo;air. C&rsquo;est lui qui va d\u00e9terminer le rendement de votre travail. En fonction de son d\u00e9bit, le diam\u00e8tre de la buse install\u00e9e sur votre machine sera plus ou moins gros. Vous travaillerez donc plus vite avec un gros compresseur et une buse de diam\u00e8tre cons\u00e9quent.<\/p>\n<p>Le choix de l&rsquo;abrasif est aussi tr\u00e8s important. Avec un abrasif tr\u00e8s bien calibr\u00e9 comme le garnet, votre consommation est maitris\u00e9e. Le r\u00e9el avantage de ce granulat est sa polyvalence. Il sera donc facile d&rsquo;utiliser cet abrasif naturel pour de multiples applications comme le d\u00e9capage de menuiseries en bois, la pr\u00e9paration des m\u00e9taux avant peinture ou encore le ravalement de fa\u00e7ades en pierre.<\/p>\t\t\t\t\t\t\t\t<\/div>\n\t\t\t\t\t<\/div>\n\t\t\t\t<\/div>\n\t\t\t\t<\/div>\n\t\t","protected":false},"excerpt":{"rendered":"<p>LE GARNET UN ABRASIF POLYVALENT D\u00c9COUVREZ LA PIERRE ALMANDINE L\u2019abrasif garnet est compos\u00e9 de grains de grenat (pierre almandine) de couleur rose. Il est l\u2019un des min\u00e9raux les plus durs au monde, exploit\u00e9 principalement en Inde et en Australie. Naturel et sans silice libre, il respecte l\u2019environnement ainsi que l\u2019utilisateur. Gr\u00e2ce \u00e0 une tr\u00e8s grande [&hellip;]<\/p>\n","protected":false},"author":2,"featured_media":0,"parent":0,"menu_order":0,"comment_status":"closed","ping_status":"closed","template":"","meta":{"footnotes":""},"class_list":["post-15742","page","type-page","status-publish","hentry"],"_links":{"self":[{"href":"https:\/\/valmec-rocks.com\/index.php\/wp-json\/wp\/v2\/pages\/15742","targetHints":{"allow":["GET"]}}],"collection":[{"href":"https:\/\/valmec-rocks.com\/index.php\/wp-json\/wp\/v2\/pages"}],"about":[{"href":"https:\/\/valmec-rocks.com\/index.php\/wp-json\/wp\/v2\/types\/page"}],"author":[{"embeddable":true,"href":"https:\/\/valmec-rocks.com\/index.php\/wp-json\/wp\/v2\/users\/2"}],"replies":[{"embeddable":true,"href":"https:\/\/valmec-rocks.com\/index.php\/wp-json\/wp\/v2\/comments?post=15742"}],"version-history":[{"count":133,"href":"https:\/\/valmec-rocks.com\/index.php\/wp-json\/wp\/v2\/pages\/15742\/revisions"}],"predecessor-version":[{"id":16609,"href":"https:\/\/valmec-rocks.com\/index.php\/wp-json\/wp\/v2\/pages\/15742\/revisions\/16609"}],"wp:attachment":[{"href":"https:\/\/valmec-rocks.com\/index.php\/wp-json\/wp\/v2\/media?parent=15742"}],"curies":[{"name":"wp","href":"https:\/\/api.w.org\/{rel}","templated":true}]}}