{"id":15874,"date":"2026-04-09T11:51:21","date_gmt":"2026-04-09T09:51:21","guid":{"rendered":"https:\/\/valmec-rocks.com\/?page_id=15874"},"modified":"2026-04-28T08:19:11","modified_gmt":"2026-04-28T06:19:11","slug":"nous-contacter","status":"publish","type":"page","link":"https:\/\/valmec-rocks.com\/index.php\/nous-contacter\/","title":{"rendered":"Page CONTACT"},"content":{"rendered":"\t\t<div data-elementor-type=\"wp-page\" data-elementor-id=\"15874\" class=\"elementor elementor-15874\" data-elementor-post-type=\"page\">\n\t\t\t\t<div class=\"elementor-element elementor-element-0424416 e-flex e-con-boxed e-con e-parent\" data-id=\"0424416\" data-element_type=\"container\" data-e-type=\"container\" data-settings=\"{&quot;background_background&quot;:&quot;classic&quot;}\">\n\t\t\t\t\t<div class=\"e-con-inner\">\n\t\t\t\t\t<\/div>\n\t\t\t\t<\/div>\n\t\t<div class=\"elementor-element elementor-element-8412e34 e-flex e-con-boxed e-con e-parent\" data-id=\"8412e34\" data-element_type=\"container\" data-e-type=\"container\">\n\t\t\t\t\t<div class=\"e-con-inner\">\n\t\t\t\t<div class=\"elementor-element elementor-element-753350b elementor-widget elementor-widget-heading\" data-id=\"753350b\" data-element_type=\"widget\" data-e-type=\"widget\" data-widget_type=\"heading.default\">\n\t\t\t\t\t<h1 class=\"elementor-heading-title elementor-size-default\">DEMANDE D'INFORMATIONS<\/h1>\t\t\t\t<\/div>\n\t\t\t\t<div class=\"elementor-element elementor-element-1f46601 elementor-widget elementor-widget-text-editor\" data-id=\"1f46601\" data-element_type=\"widget\" data-e-type=\"widget\" data-widget_type=\"text-editor.default\">\n\t\t\t\t\t\t\t\t\t<p>Pour toutes vos demandes concernant l&rsquo;abrasif garnet pour la d\u00e9coupe jet ou le d\u00e9capage par a\u00e9rogommage, n&rsquo;h\u00e9sitez pas \u00e0 laisser vos coordonn\u00e9es, l&rsquo;\u00e9quipe Valmec vous r\u00e9pondra dans les meilleurs d\u00e9lais :<\/p>\t\t\t\t\t\t\t\t<\/div>\n\t\t\t\t\t<\/div>\n\t\t\t\t<\/div>\n\t\t<div class=\"elementor-element elementor-element-f37b547 e-flex e-con-boxed e-con e-parent\" data-id=\"f37b547\" data-element_type=\"container\" data-e-type=\"container\">\n\t\t\t\t\t<div class=\"e-con-inner\">\n\t\t<div class=\"elementor-element elementor-element-195b18c e-con-full e-flex e-con e-child\" data-id=\"195b18c\" data-element_type=\"container\" data-e-type=\"container\">\n\t\t\t\t<div class=\"elementor-element elementor-element-f6b96b3 elementor-widget elementor-widget-link-in-bio-var-7\" data-id=\"f6b96b3\" data-element_type=\"widget\" data-e-type=\"widget\" data-widget_type=\"link-in-bio-var-7.default\">\n\t\t\t\t<div class=\"elementor-widget-container\">\n\t\t\t\t\t\t\t<div class=\"e-link-in-bio e-link-in-bio-var-7\">\n\t\t\t<div class=\"e-link-in-bio__content\">\n\n\t\t\t\t\t\t<div class=\"e-link-in-bio__identity\">\n\t\t\t\t\t\t\t\t\t<div class=\"e-link-in-bio__identity-image e-link-in-bio__identity-image-profile has-style-circle\">\n\t\t\t\t\t\t\t<img fetchpriority=\"high\" decoding=\"async\" width=\"300\" height=\"300\" src=\"https:\/\/valmec-rocks.com\/wp-content\/uploads\/2026\/02\/LOGO-VALMEC-SIGLE-300x300.png\" class=\"e-link-in-bio__identity-image-element\" alt=\"\" srcset=\"https:\/\/valmec-rocks.com\/wp-content\/uploads\/2026\/02\/LOGO-VALMEC-SIGLE-300x300.png 300w, https:\/\/valmec-rocks.com\/wp-content\/uploads\/2026\/02\/LOGO-VALMEC-SIGLE-1024x1024.png 1024w, https:\/\/valmec-rocks.com\/wp-content\/uploads\/2026\/02\/LOGO-VALMEC-SIGLE-150x150.png 150w, https:\/\/valmec-rocks.com\/wp-content\/uploads\/2026\/02\/LOGO-VALMEC-SIGLE-768x768.png 768w, https:\/\/valmec-rocks.com\/wp-content\/uploads\/2026\/02\/LOGO-VALMEC-SIGLE-1536x1536.png 1536w, https:\/\/valmec-rocks.com\/wp-content\/uploads\/2026\/02\/LOGO-VALMEC-SIGLE-2048x2048.png 2048w\" sizes=\"(max-width: 300px) 100vw, 300px\" \/>\t\t\t\t\t\t\t\t\t\t\t\t\t<\/div>\n\t\t\t\t\t\t\t<\/div>\n\t\t\t\t\t<div class=\"e-link-in-bio__bio\">\n\t\t\t\t<h2 class=\"e-link-in-bio__heading\">CONTACT<\/h2>\t\t\t\t<h3 class=\"e-link-in-bio__title\">VALMEC ROCKS<\/h3>\t\t\t\t\t\t\t\t\t\t\t<\/div>\n\t\t\t\t\t<div class=\"e-link-in-bio__icons has-size-small\">\n\t\t\t\t\t\t\t<div class=\"e-link-in-bio__icon is-size-small\">\n\t\t\t\t\t<a aria-label=\"Telephone\" class=\"e-link-in-bio__icon-link\" href=\"tel:+33384444647\">\n\t\t\t\t\t\t<span class=\"e-link-in-bio__icon-svg\">\n\t\t\t\t\t\t\t<svg aria-hidden=\"true\" class=\"e-font-icon-svg e-fas-phone-alt\" viewBox=\"0 0 512 512\" xmlns=\"http:\/\/www.w3.org\/2000\/svg\"><path d=\"M497.39 361.8l-112-48a24 24 0 0 0-28 6.9l-49.6 60.6A370.66 370.66 0 0 1 130.6 204.11l60.6-49.6a23.94 23.94 0 0 0 6.9-28l-48-112A24.16 24.16 0 0 0 122.6.61l-104 24A24 24 0 0 0 0 48c0 256.5 207.9 464 464 464a24 24 0 0 0 23.4-18.6l24-104a24.29 24.29 0 0 0-14.01-27.6z\"><\/path><\/svg>\t\t\t\t\t\t<\/span>\n\t\t\t\t\t\t\t\t\t\t\t\t\t<span class=\"e-link-in-bio__icon-label\">\n\t\t\t\t\t\t\t\t+33 3 84 44 46 47\t\t\t\t\t\t\t<\/span>\n\t\t\t\t\t\t\t\t\t\t\t<\/a>\n\t\t\t\t<\/div>\n\t\t\t\t\t<\/div>\n\t\t\n\t\t<div class=\"e-link-in-bio__ctas has-type-button\">\n\t\t\t\t\t\t\t<a href=\"mailto:contact@valmec-rocks.com\" target=\"_blank\" rel=\"noopener \" class=\"e-link-in-bio__cta is-type-button has-corners-round\">\n\t\t\t\t\t\t\t\t\t\t<span class=\"e-link-in-bio__cta-text\">\n\t\t\t\t\t\tcontact@valmec-rocks.com\t\t\t\t\t<\/span>\n\t\t\t\t<\/a>\n\t\t\t\t\t<\/div>\n\t\t\t\t\t<div class=\"e-link-in-bio__bio e-link-in-bio__bio--footer\">\n\t\t\t\t\t\t\t\t<p class=\"e-link-in-bio__description\">N\u00b03635  Chemin du Font de Mary\n82000 MONTAUBAN - FRANCE\n<\/p>\t\t\t<\/div>\n\t\t\t\n\t\t\t<\/div>\n\t\t\t<div class=\"e-link-in-bio__bg\">\n\t\t\t\t<div class=\"e-link-in-bio__bg-overlay\"><\/div>\n\t\t\t<\/div>\n\t\t<\/div>\n\t\t\t\t\t\t<\/div>\n\t\t\t\t<\/div>\n\t\t\t\t<\/div>\n\t\t<div class=\"elementor-element elementor-element-6cea0b7 e-con-full e-flex e-con e-child\" data-id=\"6cea0b7\" data-element_type=\"container\" data-e-type=\"container\">\n\t\t\t\t<div class=\"elementor-element elementor-element-8d3f5fb eael-contact-form-7-button-align-left eael-contact-form-7-button-custom elementor-widget elementor-widget-eael-contact-form-7\" data-id=\"8d3f5fb\" data-element_type=\"widget\" data-e-type=\"widget\" data-widget_type=\"eael-contact-form-7.default\">\n\t\t\t\t\t<div class=\"eael-contact-form-7-wrapper\">\n                <div class=\"eael-contact-form eael-contact-form-7 eael-contact-form-8d3f5fb placeholder-show eael-contact-form-align-default\">\n<div class=\"wpcf7 no-js\" id=\"wpcf7-f16637-o1\" lang=\"fr-FR\" dir=\"ltr\" data-wpcf7-id=\"16637\">\n<div class=\"screen-reader-response\"><p role=\"status\" aria-live=\"polite\" aria-atomic=\"true\"><\/p> <ul><\/ul><\/div>\n<form action=\"\/index.php\/wp-json\/wp\/v2\/pages\/15874#wpcf7-f16637-o1\" method=\"post\" class=\"wpcf7-form init\" aria-label=\"Formulaire de contact\" novalidate=\"novalidate\" data-status=\"init\">\n<fieldset class=\"hidden-fields-container\"><input type=\"hidden\" name=\"_wpcf7\" value=\"16637\" \/><input type=\"hidden\" name=\"_wpcf7_version\" value=\"6.1.5\" \/><input type=\"hidden\" name=\"_wpcf7_locale\" value=\"fr_FR\" \/><input type=\"hidden\" name=\"_wpcf7_unit_tag\" value=\"wpcf7-f16637-o1\" \/><input type=\"hidden\" name=\"_wpcf7_container_post\" value=\"0\" \/><input type=\"hidden\" name=\"_wpcf7_posted_data_hash\" value=\"\" \/>\n<\/fieldset>\n<p><label> Nom \/ Soci\u00e9t\u00e9*<br \/>\n<span class=\"wpcf7-form-control-wrap\" data-name=\"nom\"><input size=\"40\" maxlength=\"400\" class=\"wpcf7-form-control wpcf7-text wpcf7-validates-as-required\" autocomplete=\"nom\" aria-required=\"true\" aria-invalid=\"false\" value=\"\" type=\"text\" name=\"nom\" \/><\/span> <\/label>\n<\/p>\n<p><label> Adresse e-mail*<br \/>\n<span class=\"wpcf7-form-control-wrap\" data-name=\"email\"><input size=\"40\" maxlength=\"400\" class=\"wpcf7-form-control wpcf7-email wpcf7-validates-as-required wpcf7-text wpcf7-validates-as-email\" autocomplete=\"email\" aria-required=\"true\" aria-invalid=\"false\" value=\"\" type=\"email\" name=\"email\" \/><\/span> <\/label>\n<\/p>\n<p><label> T\u00e9l\u00e9phone*<br \/>\n<span class=\"wpcf7-form-control-wrap\" data-name=\"tel-002\"><input size=\"40\" maxlength=\"20\" minlength=\"4\" class=\"wpcf7-form-control wpcf7-tel wpcf7-validates-as-required wpcf7-text wpcf7-validates-as-tel\" aria-required=\"true\" aria-invalid=\"false\" value=\"\" type=\"tel\" name=\"tel-002\" \/><\/span> <\/label>\n<\/p>\n<p><label> Code postal*<br \/>\n<span class=\"wpcf7-form-control-wrap\" data-name=\"text-003\"><input size=\"40\" maxlength=\"8\" minlength=\"2\" class=\"wpcf7-form-control wpcf7-text wpcf7-validates-as-required\" aria-required=\"true\" aria-invalid=\"false\" value=\"\" type=\"text\" name=\"text-003\" \/><\/span> <\/label>\n<\/p>\n<p><label> Votre message<br \/>\n<span class=\"wpcf7-form-control-wrap\" data-name=\"message\"><textarea cols=\"40\" rows=\"10\" maxlength=\"2000\" class=\"wpcf7-form-control wpcf7-textarea\" aria-invalid=\"false\" name=\"message\"><\/textarea><\/span> <\/label>\n<\/p>\n<p><span class=\"wpcf7-form-control-wrap\" data-name=\"acceptance-2\"><span class=\"wpcf7-form-control wpcf7-acceptance\"><span class=\"wpcf7-list-item\"><label><input type=\"checkbox\" name=\"acceptance-2\" value=\"1\" aria-invalid=\"false\" \/><span class=\"wpcf7-list-item-label\">J'accepte que mes donn\u00e9es personnelles soient r\u00e9utilis\u00e9es par VALMEC-ROCKS \u00e0 des fins d'information (elles ne seront ni vendues, ni c\u00e9d\u00e9es \u00e0 des tiers).1<\/span><\/label><\/span><\/span><\/span>\n<\/p>\n<p><input class=\"wpcf7-form-control wpcf7-submit has-spinner\" type=\"submit\" value=\"Envoyer\" \/>\n<\/p><div class=\"wpcf7-response-output\" aria-hidden=\"true\"><\/div>\n<\/form>\n<\/div>\n<\/div>\n            <\/div>\t\t\t\t<\/div>\n\t\t\t\t<div class=\"elementor-element elementor-element-52b7e39 elementor-widget elementor-widget-text-editor\" data-id=\"52b7e39\" data-element_type=\"widget\" data-e-type=\"widget\" data-widget_type=\"text-editor.default\">\n\t\t\t\t\t\t\t\t\t<p><strong>*Champs obligatoires<\/strong><br \/><br \/><sup>1\u00a0<\/sup>Les informations recueillies sur ce formulaire sont enregistr\u00e9es dans un fichier informatis\u00e9 par VALMEC ROCKS pour la Gestion de la client\u00e8le conform\u00e9ment aux r\u00e8glements RGPD et \u00e0 la loi pour la confiance en l&rsquo;\u00e9conomie num\u00e9rique. Les conditions d&rsquo;exercice de vos droits d&rsquo;acc\u00e8s et de suppression sont disponibles dans la page de nos informations l\u00e9gales. Elles sont conserv\u00e9es pendant 5 ans et sont destin\u00e9es au service commercial afin de pouvoir vous proposer nos derni\u00e8res offres et actualit\u00e9s. Conform\u00e9ment \u00e0 la loi \u00ab informatique et libert\u00e9s \u00bb, vous pouvez exercer votre droit d&rsquo;acc\u00e8s aux donn\u00e9es vous concernant et les faire rectifier ou supprimer en contactant le service informatique de VALMEC-ROCKS.<\/p>\t\t\t\t\t\t\t\t<\/div>\n\t\t\t\t<\/div>\n\t\t\t\t\t<\/div>\n\t\t\t\t<\/div>\n\t\t\t\t<\/div>\n\t\t","protected":false},"excerpt":{"rendered":"<p>DEMANDE D&rsquo;INFORMATIONS Pour toutes vos demandes concernant l&rsquo;abrasif garnet pour la d\u00e9coupe jet ou le d\u00e9capage par a\u00e9rogommage, n&rsquo;h\u00e9sitez pas \u00e0 laisser vos coordonn\u00e9es, l&rsquo;\u00e9quipe Valmec vous r\u00e9pondra dans les meilleurs d\u00e9lais : CONTACT VALMEC ROCKS +33 3 84 44 46 47 contact@valmec-rocks.com N\u00b03635 Chemin du Font de Mary 82000 MONTAUBAN &#8211; FRANCE Nom \/ [&hellip;]<\/p>\n","protected":false},"author":2,"featured_media":0,"parent":0,"menu_order":0,"comment_status":"closed","ping_status":"closed","template":"","meta":{"footnotes":""},"class_list":["post-15874","page","type-page","status-publish","hentry"],"_links":{"self":[{"href":"https:\/\/valmec-rocks.com\/index.php\/wp-json\/wp\/v2\/pages\/15874","targetHints":{"allow":["GET"]}}],"collection":[{"href":"https:\/\/valmec-rocks.com\/index.php\/wp-json\/wp\/v2\/pages"}],"about":[{"href":"https:\/\/valmec-rocks.com\/index.php\/wp-json\/wp\/v2\/types\/page"}],"author":[{"embeddable":true,"href":"https:\/\/valmec-rocks.com\/index.php\/wp-json\/wp\/v2\/users\/2"}],"replies":[{"embeddable":true,"href":"https:\/\/valmec-rocks.com\/index.php\/wp-json\/wp\/v2\/comments?post=15874"}],"version-history":[{"count":89,"href":"https:\/\/valmec-rocks.com\/index.php\/wp-json\/wp\/v2\/pages\/15874\/revisions"}],"predecessor-version":[{"id":16707,"href":"https:\/\/valmec-rocks.com\/index.php\/wp-json\/wp\/v2\/pages\/15874\/revisions\/16707"}],"wp:attachment":[{"href":"https:\/\/valmec-rocks.com\/index.php\/wp-json\/wp\/v2\/media?parent=15874"}],"curies":[{"name":"wp","href":"https:\/\/api.w.org\/{rel}","templated":true}]}}