{"id":16721,"date":"2026-04-22T11:00:38","date_gmt":"2026-04-22T09:00:38","guid":{"rendered":"https:\/\/valmec-rocks.com\/?page_id=16721"},"modified":"2026-04-28T08:19:27","modified_gmt":"2026-04-28T06:19:27","slug":"mentions-legales","status":"publish","type":"page","link":"https:\/\/valmec-rocks.com\/index.php\/mentions-legales\/","title":{"rendered":"Page MENTIONS L\u00c9GALES"},"content":{"rendered":"\t\t<div data-elementor-type=\"wp-page\" data-elementor-id=\"16721\" class=\"elementor elementor-16721\" data-elementor-post-type=\"page\">\n\t\t\t\t<div class=\"elementor-element elementor-element-3429b12 e-flex e-con-boxed e-con e-parent\" data-id=\"3429b12\" data-element_type=\"container\" data-e-type=\"container\">\n\t\t\t\t\t<div class=\"e-con-inner\">\n\t\t\t\t<div class=\"elementor-element elementor-element-9817b6c elementor-widget elementor-widget-spacer\" data-id=\"9817b6c\" data-element_type=\"widget\" data-e-type=\"widget\" data-widget_type=\"spacer.default\">\n\t\t\t\t\t\t\t<div class=\"elementor-spacer\">\n\t\t\t<div class=\"elementor-spacer-inner\"><\/div>\n\t\t<\/div>\n\t\t\t\t\t\t<\/div>\n\t\t\t\t<div class=\"elementor-element elementor-element-1a4c81c elementor-widget elementor-widget-heading\" data-id=\"1a4c81c\" data-element_type=\"widget\" data-e-type=\"widget\" data-widget_type=\"heading.default\">\n\t\t\t\t\t<h1 class=\"elementor-heading-title elementor-size-default\">VALMEC - MENTIONS L\u00c9GALES<\/h1>\t\t\t\t<\/div>\n\t\t\t\t\t<\/div>\n\t\t\t\t<\/div>\n\t\t<div class=\"elementor-element elementor-element-1a46dcd e-flex e-con-boxed e-con e-parent\" data-id=\"1a46dcd\" data-element_type=\"container\" data-e-type=\"container\">\n\t\t\t\t\t<div class=\"e-con-inner\">\n\t\t\t\t<div class=\"elementor-element elementor-element-36c1e92 elementor-widget elementor-widget-spacer\" data-id=\"36c1e92\" data-element_type=\"widget\" data-e-type=\"widget\" data-widget_type=\"spacer.default\">\n\t\t\t\t\t\t\t<div class=\"elementor-spacer\">\n\t\t\t<div class=\"elementor-spacer-inner\"><\/div>\n\t\t<\/div>\n\t\t\t\t\t\t<\/div>\n\t\t\t\t<div class=\"elementor-element elementor-element-99eb96b elementor-widget elementor-widget-text-editor\" data-id=\"99eb96b\" data-element_type=\"widget\" data-e-type=\"widget\" data-widget_type=\"text-editor.default\">\n\t\t\t\t\t\t\t\t\t<div class=\"container-fluid center-block backff\">\n<div class=\"center-block container-lg NetplB10blocParagraphe\">\n<div class=\"row row-centered\">\n<div class=\"col-xs-12\">\n<h2 class=\"paragraphetitre\">Conditions juridiques<\/h2>\n<\/div>\n<\/div>\n<div class=\"row\">\n<div class=\"col-xs-12\">\n<table class=\"paragraphetexte\" border=\"0\" width=\"100%\" cellspacing=\"0\" cellpadding=\"0\">\n<tbody>\n<tr>\n<td width=\"100%\">\n<div class=\"B10_paragraphe_0\">\n<div>En acc\u00e9dant au Site Internet (tel que d\u00e9fini ci-apr\u00e8s), et\/ou en t\u00e9l\u00e9chargeant un document disponible sur le Site Internet, et\/ou en envoyant un courrier \u00e9lectronique \u00e0 VALMEC ROCKS depuis le Site Internet, chaque personne physique (ci-apr\u00e8s \u00ab\u00a0l&rsquo;Utilisateur\u00a0\u00bb) d\u00e9clare et garantit qu&rsquo;elle a pr\u00e9alablement pris connaissance des pr\u00e9sentes conditions juridiques, des informations l\u00e9gales, des r\u00e8gles applicables \u00e0 la protection des donn\u00e9es \u00e0 caract\u00e8re personnel et des conditions d&rsquo;utilisation du Site Internet, et qu&rsquo;elle en accepte les termes et conditions sans r\u00e9serve, modification ou restriction.<\/div>\n<\/div>\n<\/td>\n<\/tr>\n<\/tbody>\n<\/table>\n<\/div>\n<\/div>\n<\/div>\n<\/div>\n<div class=\"container-fluid center-block backff\">\n<div class=\"center-block container-lg NetplB10blocParagraphe\">\n<div class=\"row row-centered\">\n<div class=\"col-xs-12\">\n<h2 class=\"paragraphetitre\">Informations l\u00e9gales<\/h2>\n<\/div>\n<\/div>\n<div class=\"row\">\n<div class=\"col-xs-12\">\n<table class=\"paragraphetexte\" border=\"0\" width=\"100%\" cellspacing=\"0\" cellpadding=\"0\">\n<tbody>\n<tr>\n<td width=\"100%\">\n<div class=\"B10_paragraphe_0\">\n<div>\n<p>Le pr\u00e9sent Site Internet, accessible \u00e0 partir de l&rsquo;adresse : <a href=\"https:\/\/valmec-rocks.com\/\">https:\/\/www.valmec-rocks.com<\/a> (le Site Internet) est \u00e9dit\u00e9 par VALMEC ROCKS &#8211; 3635 Chemin du Front de Mary 82000 MONTAUBAN, France (ci-apr\u00e8s la Soci\u00e9t\u00e9).<\/p>\n<p>Le Directeur de la publication du Site Internet est : Monsieur Johann GUERIN.<\/p>\n<p>L&rsquo;h\u00e9bergeur du Site Internet est OVH SAS &#8211; 2 Rue Kellermann, 59100 Roubaix, France<\/p>\n<\/div>\n<\/div>\n<\/td>\n<\/tr>\n<\/tbody>\n<\/table>\n<\/div>\n<\/div>\n<\/div>\n<\/div>\n<div class=\"container-fluid center-block backff\">\n<div class=\"center-block container-lg NetplB10blocParagraphe\">\n<div class=\"row row-centered\">\n<div class=\"col-xs-12\">\n<h2 class=\"paragraphetitre\">Protection des Donn\u00e9es Personnelles<\/h2>\n<\/div>\n<\/div>\n<div class=\"row\">\n<div class=\"col-xs-12\">\n<table class=\"paragraphetexte\" border=\"0\" width=\"100%\" cellspacing=\"0\" cellpadding=\"0\">\n<tbody>\n<tr>\n<td width=\"100%\">\n<div class=\"B10_paragraphe_0\">\n<p>L&rsquo;adresse de courrier \u00e9lectronique et toute autre donn\u00e9e \u00e0 caract\u00e8re personnel incluse volontairement par l&rsquo;Utilisateur afin de s&rsquo;identifier sur le Site Internet, dans son courrier \u00e9lectronique adress\u00e9 \u00e0 la Soci\u00e9t\u00e9, l&rsquo;adresse IP (Internet Protocol) de sa connexion Internet, les caract\u00e9ristiques de son logiciel de navigation, sont les seules informations \u00e0 caract\u00e8re personnel susceptibles d&rsquo;\u00eatre collect\u00e9es au moyen du Site Internet et trait\u00e9es par la Soci\u00e9t\u00e9 (ci-apr\u00e8s les \u00ab\u00a0Donn\u00e9es \u00e0 Caract\u00e8re Personnel\u00a0\u00bb).<\/p>\n<p>Le responsable des traitements des Donn\u00e9es \u00e0 Caract\u00e8re Personnel est la Soci\u00e9t\u00e9, pour son propre compte.<\/p>\n<p>Ces donn\u00e9es ne sont conserv\u00e9es et utilis\u00e9es qu&rsquo;aux seules fins de r\u00e9pondre aux courriers \u00e9lectroniques adress\u00e9s \u00e0 la Soci\u00e9t\u00e9 et \u00e0 ses membres, d&rsquo;assurer la s\u00e9curit\u00e9 informatique du Site Internet et\/ou des serveurs sur lequel il est h\u00e9berg\u00e9, d&rsquo;\u00e9tablir les statistiques de consultation du Site Internet, d&rsquo;adresser aux Utilisateurs une infolettre par courrier \u00e9lectronique, de s&rsquo;assurer que les documents t\u00e9l\u00e9charg\u00e9s depuis le Site Internet ont bien \u00e9t\u00e9 re\u00e7us. Les donn\u00e9es susvis\u00e9es sont conserv\u00e9es pendant toute la dur\u00e9e n\u00e9cessaire aux finalit\u00e9s pour lesquelles elles sont collect\u00e9es et trait\u00e9es.<\/p>\n<p>Les Donn\u00e9es \u00e0 Caract\u00e8re Personnel collect\u00e9es et trait\u00e9es par la Soci\u00e9t\u00e9 au moyen du Site Internet ne sont pas c\u00e9d\u00e9es ou lou\u00e9es, \u00e0 titre gratuit ou on\u00e9reux, \u00e0 des tiers.<\/p>\n<p>Chaque Utilisateur dispose d&rsquo;un droit d&rsquo;acc\u00e8s, de modification, de rectification et de suppression des Donn\u00e9es \u00e0 Caract\u00e8re Personnel le concernant.<\/p>\n<p>Chaque Utilisateur justifiant de son identit\u00e9 peut, \u00e0 tout moment, demander que les informations nominatives le concernant soient modifi\u00e9es ou supprim\u00e9es du Site Internet, en s&rsquo;adressant par courrier postal exclusivement \u00e0 :<\/p>\n<p>VALMEC ROCKS<br>Service Communication<br>3635 Chemin du Front de Mary 82000 MONTAUBAN<\/p>\n<p>Les Donn\u00e9es \u00e0 Caract\u00e8re Personnel relatives aux membres de la Soci\u00e9t\u00e9 qui sont rendues accessibles sur le Site Internet ne peuvent \u00eatres collect\u00e9es et faire l&rsquo;objet d&rsquo;un traitement sans l&rsquo;accord pr\u00e9alable et \u00e9crit de la personne concern\u00e9e. En particulier, chaque Utilisateur s&rsquo;interdit de collecter et d&rsquo;utiliser, de mani\u00e8re manuelle ou automatis\u00e9e, ces donn\u00e9es \u00e0 caract\u00e8re personnel pour envoyer des messages publicitaires ou de quelque autre nature qui n&rsquo;aurait pas de relation avec les activit\u00e9s de la Soci\u00e9t\u00e9 et de ses membres.<\/p>\n<\/div>\n<\/td>\n<\/tr>\n<\/tbody>\n<\/table>\n<\/div>\n<\/div>\n<\/div>\n<\/div>\n<div class=\"container-fluid center-block backff\">\n<div class=\"center-block container-lg NetplB10blocParagraphe\">\n<div class=\"row row-centered\">\n<div class=\"col-xs-12\">\n<h2 class=\"paragraphetitre\">Propri\u00e9t\u00e9s Intellectuelles<\/h2>\n<\/div>\n<\/div>\n<div class=\"row\">\n<div class=\"col-xs-12\">\n<table class=\"paragraphetexte\" border=\"0\" width=\"100%\" cellspacing=\"0\" cellpadding=\"0\">\n<tbody>\n<tr>\n<td width=\"100%\">\n<div class=\"B10_paragraphe_0\">\n<p><strong>Cr\u00e9dits photographiques<\/strong><\/p>\n<p>Les photographies et illustrations pr\u00e9sent\u00e9es sur ce site sont la propri\u00e9t\u00e9 de :<\/p>\n<ul>\n<li>VALMEC ROCKS 3635 Chemin du Front de Mary 82000 MONTAUBAN, France\n<\/li>\n<\/ul>\n<p>Des sanctions p\u00e9nales existent en cas de reproduction, repr\u00e9sentation ou diffusion par quelque moyen que ce soit d&rsquo;oeuvres artistiques sans l&rsquo;autorisation des titulaires du droit d&rsquo;auteur. Ainsi, au sens de l&rsquo;article L 335-2 du Code de la Propri\u00e9t\u00e9 Intellectuelle, la contrefa\u00e7on est un d\u00e9lit et, en tant que telle, est punie d&rsquo;une peine de deux ans d&#8217;emprisonnement et de 152.449,02 Euros d&rsquo;amende. La contrefa\u00e7on de logiciel est punie des m\u00eames peines.<\/p>\n<p><strong>Droit de propri\u00e9t\u00e9 intellectuelle<\/strong><\/p>\n<p>Tous droits r\u00e9serv\u00e9s \u00a9 Copyright 2026 &#8211; VALMEC ROCKS<\/p>\n<p>La reproduction et l&rsquo;exploitation des informations (textes, images et photos) publi\u00e9es par la Soci\u00e9t\u00e9 sur ce Site Internet sont autoris\u00e9es uniquement \u00e0 l&rsquo;usage priv\u00e9 du copiste et non destin\u00e9es \u00e0 une utilisation collective (article L122-5 du Code de la Propri\u00e9t\u00e9 Industrielle). Par cons\u00e9quent, toute repr\u00e9sentation ou reproduction non autoris\u00e9e, par quelque moyen que ce soit, est strictement interdite, sous peine de poursuites judiciaires. Le contrevenant s&rsquo;expose \u00e0 des sanctions civiles et p\u00e9nales et notamment aux peines pr\u00e9vues aux articles L335-2 et L343-1 du Code de la Propri\u00e9t\u00e9 Industrielle.<\/p>\n<p>Le logo et la marque de la Soci\u00e9t\u00e9 sont la propri\u00e9t\u00e9 intellectuelle de la Soci\u00e9t\u00e9. Aucune licence ni autre droit que celui de visiter le site n&rsquo;est conf\u00e9r\u00e9 \u00e0 quiconque au regard des droits de propri\u00e9t\u00e9 intellectuelle.<\/p>\n<p>La Soci\u00e9t\u00e9 autorise les Utilisateurs \u00e0 t\u00e9l\u00e9charger les lettres d&rsquo;informations ou les autres documents, propri\u00e9t\u00e9 de la Soci\u00e9t\u00e9 qui sont mis \u00e0 la disposition des Utilisateurs sous la forme de fichiers \u00e9lectroniques sp\u00e9cifiquement en vue de leur t\u00e9l\u00e9chargement. Ces fichiers ne peuvent \u00eatre t\u00e9l\u00e9charg\u00e9s qu&rsquo;\u00e0 partir de liens hypertextes manifestant l&rsquo;autorisation donn\u00e9e aux Utilisateurs de t\u00e9l\u00e9charger ces fichiers. L&rsquo;Utilisateur s&rsquo;interdit en particulier de diffuser \u00e0 des tiers ces documents par tous moyens et sur tout support.<\/p>\n<\/div>\n<\/td>\n<\/tr>\n<\/tbody>\n<\/table>\n<\/div>\n<\/div>\n<\/div>\n<\/div>\n<div class=\"container-fluid center-block \">\n<div class=\"center-block container-lg NetplB10blocParagraphe\">\n<div class=\"row row-centered\">\n<div class=\"col-xs-12\">\n<h2 class=\"paragraphetitre\">Autres dispositions<\/h2>\n<\/div>\n<\/div>\n<div class=\"row\">\n<div class=\"col-xs-12\">\n<table class=\"paragraphetexte\" border=\"0\" width=\"100%\" cellspacing=\"0\" cellpadding=\"0\">\n<tbody>\n<tr>\n<td width=\"100%\">\n<div class=\"B10_paragraphe_0\">\n<div>\n<p>La Soci\u00e9t\u00e9 fait ses meilleurs efforts pour assurer l&rsquo;exactitude de l&rsquo;ensemble des informations mises \u00e0 la disposition des visiteurs sur son Site Internet mais celles-ci peuvent contenir des inexactitudes techniques ou des erreurs typographiques ou encore \u00eatre incompl\u00e8tes. Ces informations peuvent \u00eatre corrig\u00e9es et modifi\u00e9es par la Soci\u00e9t\u00e9 \u00e0 tout moment et sans pr\u00e9avis. La Soci\u00e9t\u00e9 peut \u00e0 tout moment et sans pr\u00e9avis apporter des am\u00e9liorations ou des modifications aux services propos\u00e9s sur son site et\/ou cesser la commercialisation de ceux-ci.<\/p>\n<p>Le Site Internet et les donn\u00e9es, informations et documents qu&rsquo;il fournit n&rsquo;ont qu&rsquo;une vocation d&rsquo;information g\u00e9n\u00e9rale non exhaustive sur la Soci\u00e9t\u00e9 et ne peuvent en aucun cas \u00eatre consid\u00e9r\u00e9s comme constituant un acte de conseil juridique, un d\u00e9marchage, une sollicitation et\/ou une offre de services.<\/p>\n<p>Chaque Utilisateur est seul responsable de l&rsquo;usage qu&rsquo;il fait des informations fournies \u00e0 partir du Site Internet et la Soci\u00e9t\u00e9 ne pourra en aucun cas \u00eatre tenu responsable de tous dommages directs ou indirects d\u00e9coulant de l&rsquo;utilisation de ces informations par l&rsquo;Utilisateur. La Soci\u00e9t\u00e9 ne garantit pas que le Site Internet sera accessible de mani\u00e8re continue. La Soci\u00e9t\u00e9 d\u00e9cline toute responsabilit\u00e9 pour toute information, inexactitude ou omission portant sur les informations disponibles sur son Site Internet et pour toute exploitation autre que celle \u00e0 laquelle elles sont destin\u00e9es. En outre, toute d\u00e9cision prise sur la foi de ces informations ne peut engager la responsabilit\u00e9 de la Soci\u00e9t\u00e9.<\/p>\n<p>Les sites internet de tiers, leur contenu et\/ou les documents accessibles \u00e0 partir des liens hypertextes publi\u00e9s sur le Site Internet ou dans les documents t\u00e9l\u00e9chargeables \u00e0 partir de ce dernier sont la responsabilit\u00e9 exclusive de leur(s) auteur(s) et ne sauraient engager la responsabilit\u00e9 de la Soci\u00e9t\u00e9.<\/p>\n<\/div>\n<\/div>\n<\/td>\n<\/tr>\n<\/tbody>\n<\/table>\n<\/div>\n<\/div>\n<\/div>\n<\/div>\n<div class=\"container-fluid center-block backff\">\n<div class=\"center-block container-lg NetplB10blocParagraphe\">\n<div class=\"row\">\n<div class=\"col-xs-12\">\n<table class=\"paragraphetexte\" border=\"0\" width=\"100%\" cellspacing=\"0\" cellpadding=\"0\">\n<tbody>\n<tr>\n<td width=\"100%\">\n<div class=\"B10_paragraphe_0\">\n<div>\n<p>Tous droits r\u00e9serv\u00e9s &#8211; SAS VALMEC ROCKS &#8211; 2026<\/p>\n<\/div>\n<\/div>\n<\/td>\n<\/tr>\n<\/tbody>\n<\/table>\n<\/div>\n<\/div>\n<\/div>\n<\/div>\t\t\t\t\t\t\t\t<\/div>\n\t\t\t\t\t<\/div>\n\t\t\t\t<\/div>\n\t\t\t\t<\/div>\n\t\t","protected":false},"excerpt":{"rendered":"<p>VALMEC &#8211; MENTIONS L\u00c9GALES Conditions juridiques En acc\u00e9dant au Site Internet (tel que d\u00e9fini ci-apr\u00e8s), et\/ou en t\u00e9l\u00e9chargeant un document disponible sur le Site Internet, et\/ou en envoyant un courrier \u00e9lectronique \u00e0 VALMEC ROCKS depuis le Site Internet, chaque personne physique (ci-apr\u00e8s \u00ab\u00a0l&rsquo;Utilisateur\u00a0\u00bb) d\u00e9clare et garantit qu&rsquo;elle a pr\u00e9alablement pris connaissance des pr\u00e9sentes conditions juridiques, [&hellip;]<\/p>\n","protected":false},"author":2,"featured_media":0,"parent":0,"menu_order":0,"comment_status":"closed","ping_status":"closed","template":"","meta":{"footnotes":""},"class_list":["post-16721","page","type-page","status-publish","hentry"],"_links":{"self":[{"href":"https:\/\/valmec-rocks.com\/index.php\/wp-json\/wp\/v2\/pages\/16721","targetHints":{"allow":["GET"]}}],"collection":[{"href":"https:\/\/valmec-rocks.com\/index.php\/wp-json\/wp\/v2\/pages"}],"about":[{"href":"https:\/\/valmec-rocks.com\/index.php\/wp-json\/wp\/v2\/types\/page"}],"author":[{"embeddable":true,"href":"https:\/\/valmec-rocks.com\/index.php\/wp-json\/wp\/v2\/users\/2"}],"replies":[{"embeddable":true,"href":"https:\/\/valmec-rocks.com\/index.php\/wp-json\/wp\/v2\/comments?post=16721"}],"version-history":[{"count":11,"href":"https:\/\/valmec-rocks.com\/index.php\/wp-json\/wp\/v2\/pages\/16721\/revisions"}],"predecessor-version":[{"id":16737,"href":"https:\/\/valmec-rocks.com\/index.php\/wp-json\/wp\/v2\/pages\/16721\/revisions\/16737"}],"wp:attachment":[{"href":"https:\/\/valmec-rocks.com\/index.php\/wp-json\/wp\/v2\/media?parent=16721"}],"curies":[{"name":"wp","href":"https:\/\/api.w.org\/{rel}","templated":true}]}}